{"id":4139,"date":"2023-01-29T11:43:12","date_gmt":"2023-01-29T11:43:12","guid":{"rendered":"https:\/produkt\/yuvarlak-celenkler\/"},"modified":"2023-01-29T11:43:12","modified_gmt":"2023-01-29T11:43:12","slug":"yuvarlak-celenkler","status":"publish","type":"product","link":"https:\/\/evigo.se\/tr\/product\/yuvarlak-celenkler\/","title":{"rendered":"Yuvarlak \u00e7elenkler"},"content":{"rendered":"","protected":false},"excerpt":{"rendered":"<p>Hi\u00e7bir \u00e7elenk ayn\u0131 de\u011fildir. Renk ve \u015fekil mevsime g\u00f6re de\u011fi\u015fir. G\u00fcne uygun \u00e7i\u00e7ek ve ye\u015fillikleri se\u00e7iyoruz.<\/p>\n<p>Yuvarlak \u00e7elenkler farkl\u0131 boyutlarda mevcuttur, g\u00f6sterilenden farkl\u0131 bir boyut tercih ediyorsan\u0131z l\u00fctfen bizimle ileti\u015fime ge\u00e7in.<\/p>\n","protected":false},"featured_media":3007,"template":"","meta":[],"product_brand":[],"product_cat":[395],"product_tag":[456],"class_list":{"0":"post-4139","1":"product","2":"type-product","3":"status-publish","4":"has-post-thumbnail","6":"product_cat-celenkler","7":"product_tag-yuvarlak","9":"first","10":"instock","11":"shipping-taxable","12":"purchasable","13":"product-type-variable"},"yoast_head":"<!-- This site is optimized with the Yoast SEO plugin v27.0 - https:\/\/yoast.com\/product\/yoast-seo-wordpress\/ -->\n<title>Yuvarlak \u00e7elenkler - Evigo begravningsbyr\u00e5<\/title>\n<meta name=\"robots\" content=\"index, follow, max-snippet:-1, max-image-preview:large, max-video-preview:-1\" \/>\n<link rel=\"canonical\" href=\"https:\/\/evigo.se\/product\/runda-kransar\/\" \/>\n<meta property=\"og:locale\" content=\"tr_TR\" \/>\n<meta property=\"og:type\" content=\"article\" \/>\n<meta property=\"og:title\" content=\"Yuvarlak \u00e7elenkler - Evigo begravningsbyr\u00e5\" \/>\n<meta property=\"og:description\" content=\"Hi\u00e7bir \u00e7elenk ayn\u0131 de\u011fildir. Renk ve \u015fekil mevsime g\u00f6re de\u011fi\u015fir. G\u00fcne uygun \u00e7i\u00e7ek ve ye\u015fillikleri se\u00e7iyoruz. Yuvarlak \u00e7elenkler farkl\u0131 boyutlarda mevcuttur, g\u00f6sterilenden farkl\u0131 bir boyut tercih ediyorsan\u0131z l\u00fctfen bizimle ileti\u015fime ge\u00e7in.\" \/>\n<meta property=\"og:url\" content=\"https:\/\/evigo.se\/product\/runda-kransar\/\" \/>\n<meta property=\"og:site_name\" content=\"Evigo begravningsbyr\u00e5\" \/>\n<meta property=\"og:image\" content=\"https:\/\/evigo.se\/wp-content\/uploads\/2023\/01\/Runda-kransar-Vit.jpg\" \/>\n\t<meta property=\"og:image:width\" content=\"1024\" \/>\n\t<meta property=\"og:image:height\" content=\"1025\" \/>\n\t<meta property=\"og:image:type\" content=\"image\/jpeg\" \/>\n<meta name=\"twitter:card\" content=\"summary_large_image\" \/>\n<script type=\"application\/ld+json\" class=\"yoast-schema-graph\">{\"@context\":\"https:\/\/schema.org\",\"@graph\":[{\"@type\":\"WebPage\",\"@id\":\"https:\/\/evigo.se\/product\/runda-kransar\/\",\"url\":\"https:\/\/evigo.se\/product\/runda-kransar\/\",\"name\":\"Yuvarlak \u00e7elenkler - Evigo begravningsbyr\u00e5\",\"isPartOf\":{\"@id\":\"https:\/\/evigo.se\/#website\"},\"primaryImageOfPage\":{\"@id\":\"https:\/\/evigo.se\/product\/runda-kransar\/#primaryimage\"},\"image\":{\"@id\":\"https:\/\/evigo.se\/product\/runda-kransar\/#primaryimage\"},\"thumbnailUrl\":\"https:\/\/evigo.se\/wp-content\/uploads\/2023\/01\/Runda-kransar-Vit.jpg\",\"datePublished\":\"2023-01-29T11:43:12+00:00\",\"breadcrumb\":{\"@id\":\"https:\/\/evigo.se\/product\/runda-kransar\/#breadcrumb\"},\"inLanguage\":\"tr\",\"potentialAction\":[{\"@type\":\"ReadAction\",\"target\":[\"https:\/\/evigo.se\/product\/runda-kransar\/\"]}]},{\"@type\":\"ImageObject\",\"inLanguage\":\"tr\",\"@id\":\"https:\/\/evigo.se\/product\/runda-kransar\/#primaryimage\",\"url\":\"https:\/\/evigo.se\/wp-content\/uploads\/2023\/01\/Runda-kransar-Vit.jpg\",\"contentUrl\":\"https:\/\/evigo.se\/wp-content\/uploads\/2023\/01\/Runda-kransar-Vit.jpg\",\"width\":1024,\"height\":1025},{\"@type\":\"BreadcrumbList\",\"@id\":\"https:\/\/evigo.se\/product\/runda-kransar\/#breadcrumb\",\"itemListElement\":[{\"@type\":\"ListItem\",\"position\":1,\"name\":\"Home\",\"item\":\"https:\/\/evigo.se\/ar\/\"},{\"@type\":\"ListItem\",\"position\":2,\"name\":\"Shop\",\"item\":\"https:\/\/evigo.se\/shop\/\"},{\"@type\":\"ListItem\",\"position\":3,\"name\":\"Yuvarlak \u00e7elenkler\"}]},{\"@type\":\"WebSite\",\"@id\":\"https:\/\/evigo.se\/#website\",\"url\":\"https:\/\/evigo.se\/\",\"name\":\"https:\",\"description\":\"\",\"publisher\":{\"@id\":\"https:\/\/evigo.se\/#organization\"},\"potentialAction\":[{\"@type\":\"SearchAction\",\"target\":{\"@type\":\"EntryPoint\",\"urlTemplate\":\"https:\/\/evigo.se\/?s={search_term_string}\"},\"query-input\":{\"@type\":\"PropertyValueSpecification\",\"valueRequired\":true,\"valueName\":\"search_term_string\"}}],\"inLanguage\":\"tr\"},{\"@type\":\"Organization\",\"@id\":\"https:\/\/evigo.se\/#organization\",\"name\":\"https:\",\"url\":\"https:\/\/evigo.se\/\",\"logo\":{\"@type\":\"ImageObject\",\"inLanguage\":\"tr\",\"@id\":\"https:\/\/evigo.se\/#\/schema\/logo\/image\/\",\"url\":\"https:\/\/evigo.se\/wp-content\/uploads\/2022\/12\/EVIGO-LOGO-2-e1733648230224.png\",\"contentUrl\":\"https:\/\/evigo.se\/wp-content\/uploads\/2022\/12\/EVIGO-LOGO-2-e1733648230224.png\",\"width\":500,\"height\":500,\"caption\":\"https:\"},\"image\":{\"@id\":\"https:\/\/evigo.se\/#\/schema\/logo\/image\/\"}}]}<\/script>\n<!-- \/ Yoast SEO plugin. -->","yoast_head_json":{"title":"Yuvarlak \u00e7elenkler - Evigo begravningsbyr\u00e5","robots":{"index":"index","follow":"follow","max-snippet":"max-snippet:-1","max-image-preview":"max-image-preview:large","max-video-preview":"max-video-preview:-1"},"canonical":"https:\/\/evigo.se\/product\/runda-kransar\/","og_locale":"tr_TR","og_type":"article","og_title":"Yuvarlak \u00e7elenkler - Evigo begravningsbyr\u00e5","og_description":"Hi\u00e7bir \u00e7elenk ayn\u0131 de\u011fildir. Renk ve \u015fekil mevsime g\u00f6re de\u011fi\u015fir. G\u00fcne uygun \u00e7i\u00e7ek ve ye\u015fillikleri se\u00e7iyoruz. Yuvarlak \u00e7elenkler farkl\u0131 boyutlarda mevcuttur, g\u00f6sterilenden farkl\u0131 bir boyut tercih ediyorsan\u0131z l\u00fctfen bizimle ileti\u015fime ge\u00e7in.","og_url":"https:\/\/evigo.se\/product\/runda-kransar\/","og_site_name":"Evigo begravningsbyr\u00e5","og_image":[{"width":1024,"height":1025,"url":"https:\/\/evigo.se\/wp-content\/uploads\/2023\/01\/Runda-kransar-Vit.jpg","type":"image\/jpeg"}],"twitter_card":"summary_large_image","schema":{"@context":"https:\/\/schema.org","@graph":[{"@type":"WebPage","@id":"https:\/\/evigo.se\/product\/runda-kransar\/","url":"https:\/\/evigo.se\/product\/runda-kransar\/","name":"Yuvarlak \u00e7elenkler - Evigo begravningsbyr\u00e5","isPartOf":{"@id":"https:\/\/evigo.se\/#website"},"primaryImageOfPage":{"@id":"https:\/\/evigo.se\/product\/runda-kransar\/#primaryimage"},"image":{"@id":"https:\/\/evigo.se\/product\/runda-kransar\/#primaryimage"},"thumbnailUrl":"https:\/\/evigo.se\/wp-content\/uploads\/2023\/01\/Runda-kransar-Vit.jpg","datePublished":"2023-01-29T11:43:12+00:00","breadcrumb":{"@id":"https:\/\/evigo.se\/product\/runda-kransar\/#breadcrumb"},"inLanguage":"tr","potentialAction":[{"@type":"ReadAction","target":["https:\/\/evigo.se\/product\/runda-kransar\/"]}]},{"@type":"ImageObject","inLanguage":"tr","@id":"https:\/\/evigo.se\/product\/runda-kransar\/#primaryimage","url":"https:\/\/evigo.se\/wp-content\/uploads\/2023\/01\/Runda-kransar-Vit.jpg","contentUrl":"https:\/\/evigo.se\/wp-content\/uploads\/2023\/01\/Runda-kransar-Vit.jpg","width":1024,"height":1025},{"@type":"BreadcrumbList","@id":"https:\/\/evigo.se\/product\/runda-kransar\/#breadcrumb","itemListElement":[{"@type":"ListItem","position":1,"name":"Home","item":"https:\/\/evigo.se\/ar\/"},{"@type":"ListItem","position":2,"name":"Shop","item":"https:\/\/evigo.se\/shop\/"},{"@type":"ListItem","position":3,"name":"Yuvarlak \u00e7elenkler"}]},{"@type":"WebSite","@id":"https:\/\/evigo.se\/#website","url":"https:\/\/evigo.se\/","name":"https:","description":"","publisher":{"@id":"https:\/\/evigo.se\/#organization"},"potentialAction":[{"@type":"SearchAction","target":{"@type":"EntryPoint","urlTemplate":"https:\/\/evigo.se\/?s={search_term_string}"},"query-input":{"@type":"PropertyValueSpecification","valueRequired":true,"valueName":"search_term_string"}}],"inLanguage":"tr"},{"@type":"Organization","@id":"https:\/\/evigo.se\/#organization","name":"https:","url":"https:\/\/evigo.se\/","logo":{"@type":"ImageObject","inLanguage":"tr","@id":"https:\/\/evigo.se\/#\/schema\/logo\/image\/","url":"https:\/\/evigo.se\/wp-content\/uploads\/2022\/12\/EVIGO-LOGO-2-e1733648230224.png","contentUrl":"https:\/\/evigo.se\/wp-content\/uploads\/2022\/12\/EVIGO-LOGO-2-e1733648230224.png","width":500,"height":500,"caption":"https:"},"image":{"@id":"https:\/\/evigo.se\/#\/schema\/logo\/image\/"}}]}},"_links":{"self":[{"href":"https:\/\/evigo.se\/tr\/wp-json\/wp\/v2\/product\/4139","targetHints":{"allow":["GET"]}}],"collection":[{"href":"https:\/\/evigo.se\/tr\/wp-json\/wp\/v2\/product"}],"about":[{"href":"https:\/\/evigo.se\/tr\/wp-json\/wp\/v2\/types\/product"}],"version-history":[{"count":0,"href":"https:\/\/evigo.se\/tr\/wp-json\/wp\/v2\/product\/4139\/revisions"}],"wp:featuredmedia":[{"embeddable":true,"href":"https:\/\/evigo.se\/tr\/wp-json\/wp\/v2\/media\/3007"}],"wp:attachment":[{"href":"https:\/\/evigo.se\/tr\/wp-json\/wp\/v2\/media?parent=4139"}],"wp:term":[{"taxonomy":"product_brand","embeddable":true,"href":"https:\/\/evigo.se\/tr\/wp-json\/wp\/v2\/product_brand?post=4139"},{"taxonomy":"product_cat","embeddable":true,"href":"https:\/\/evigo.se\/tr\/wp-json\/wp\/v2\/product_cat?post=4139"},{"taxonomy":"product_tag","embeddable":true,"href":"https:\/\/evigo.se\/tr\/wp-json\/wp\/v2\/product_tag?post=4139"}],"curies":[{"name":"wp","href":"https:\/\/api.w.org\/{rel}","templated":true}]}}