{"id":4071,"date":"2023-01-29T10:52:28","date_gmt":"2023-01-29T10:52:28","guid":{"rendered":"https:\/produkt\/kalp\/"},"modified":"2023-01-29T10:52:28","modified_gmt":"2023-01-29T10:52:28","slug":"kalp","status":"publish","type":"product","link":"https:\/\/evigo.se\/tr\/product\/kalp\/","title":{"rendered":"Kalp"},"content":{"rendered":"","protected":false},"excerpt":{"rendered":"<p>Genellikle cenazelerle ili\u015fkilendirilen \u00e7elenk, geleneksel olarak bir onur ni\u015fan\u0131 olarak bilinir. Sonsuzluk yuvarlak, belirsiz \u015fekliyle temsil edilir. \u00c7elengin tasar\u0131m\u0131n\u0131n yan\u0131 s\u0131ra boyutlar\u0131 da yerel tercihlere g\u00f6re ayarlanabilir.<\/p>\n<p>Anma t\u00f6reni i\u00e7in klasik bir \u00e7i\u00e7ekli kalp se\u00e7in.<\/p>\n","protected":false},"featured_media":2983,"template":"","meta":[],"product_brand":[],"product_cat":[395],"product_tag":[],"class_list":{"0":"post-4071","1":"product","2":"type-product","3":"status-publish","4":"has-post-thumbnail","6":"product_cat-celenkler","8":"first","9":"instock","10":"shipping-taxable","11":"purchasable","12":"product-type-variable"},"yoast_head":"<!-- This site is optimized with the Yoast SEO plugin v27.0 - https:\/\/yoast.com\/product\/yoast-seo-wordpress\/ -->\n<title>Kalp - Evigo begravningsbyr\u00e5<\/title>\n<meta name=\"robots\" content=\"index, follow, max-snippet:-1, max-image-preview:large, max-video-preview:-1\" \/>\n<link rel=\"canonical\" href=\"https:\/\/evigo.se\/product\/hjarta\/\" \/>\n<meta property=\"og:locale\" content=\"tr_TR\" \/>\n<meta property=\"og:type\" content=\"article\" \/>\n<meta property=\"og:title\" content=\"Kalp - Evigo begravningsbyr\u00e5\" \/>\n<meta property=\"og:description\" content=\"Genellikle cenazelerle ili\u015fkilendirilen \u00e7elenk, geleneksel olarak bir onur ni\u015fan\u0131 olarak bilinir. Sonsuzluk yuvarlak, belirsiz \u015fekliyle temsil edilir. \u00c7elengin tasar\u0131m\u0131n\u0131n yan\u0131 s\u0131ra boyutlar\u0131 da yerel tercihlere g\u00f6re ayarlanabilir. Anma t\u00f6reni i\u00e7in klasik bir \u00e7i\u00e7ekli kalp se\u00e7in.\" \/>\n<meta property=\"og:url\" content=\"https:\/\/evigo.se\/product\/hjarta\/\" \/>\n<meta property=\"og:site_name\" content=\"Evigo begravningsbyr\u00e5\" \/>\n<meta property=\"og:image\" content=\"https:\/\/evigo.se\/wp-content\/uploads\/2023\/01\/Krans-Hjarta.jpg\" \/>\n\t<meta property=\"og:image:width\" content=\"992\" \/>\n\t<meta property=\"og:image:height\" content=\"1024\" \/>\n\t<meta property=\"og:image:type\" content=\"image\/jpeg\" \/>\n<meta name=\"twitter:card\" content=\"summary_large_image\" \/>\n<script type=\"application\/ld+json\" class=\"yoast-schema-graph\">{\"@context\":\"https:\/\/schema.org\",\"@graph\":[{\"@type\":\"WebPage\",\"@id\":\"https:\/\/evigo.se\/product\/hjarta\/\",\"url\":\"https:\/\/evigo.se\/product\/hjarta\/\",\"name\":\"Kalp - Evigo begravningsbyr\u00e5\",\"isPartOf\":{\"@id\":\"https:\/\/evigo.se\/#website\"},\"primaryImageOfPage\":{\"@id\":\"https:\/\/evigo.se\/product\/hjarta\/#primaryimage\"},\"image\":{\"@id\":\"https:\/\/evigo.se\/product\/hjarta\/#primaryimage\"},\"thumbnailUrl\":\"https:\/\/evigo.se\/wp-content\/uploads\/2023\/01\/Krans-Hjarta.jpg\",\"datePublished\":\"2023-01-29T10:52:28+00:00\",\"breadcrumb\":{\"@id\":\"https:\/\/evigo.se\/product\/hjarta\/#breadcrumb\"},\"inLanguage\":\"tr\",\"potentialAction\":[{\"@type\":\"ReadAction\",\"target\":[\"https:\/\/evigo.se\/product\/hjarta\/\"]}]},{\"@type\":\"ImageObject\",\"inLanguage\":\"tr\",\"@id\":\"https:\/\/evigo.se\/product\/hjarta\/#primaryimage\",\"url\":\"https:\/\/evigo.se\/wp-content\/uploads\/2023\/01\/Krans-Hjarta.jpg\",\"contentUrl\":\"https:\/\/evigo.se\/wp-content\/uploads\/2023\/01\/Krans-Hjarta.jpg\",\"width\":992,\"height\":1024},{\"@type\":\"BreadcrumbList\",\"@id\":\"https:\/\/evigo.se\/product\/hjarta\/#breadcrumb\",\"itemListElement\":[{\"@type\":\"ListItem\",\"position\":1,\"name\":\"Home\",\"item\":\"https:\/\/evigo.se\/ar\/\"},{\"@type\":\"ListItem\",\"position\":2,\"name\":\"Shop\",\"item\":\"https:\/\/evigo.se\/shop\/\"},{\"@type\":\"ListItem\",\"position\":3,\"name\":\"Kalp\"}]},{\"@type\":\"WebSite\",\"@id\":\"https:\/\/evigo.se\/#website\",\"url\":\"https:\/\/evigo.se\/\",\"name\":\"https:\",\"description\":\"\",\"publisher\":{\"@id\":\"https:\/\/evigo.se\/#organization\"},\"potentialAction\":[{\"@type\":\"SearchAction\",\"target\":{\"@type\":\"EntryPoint\",\"urlTemplate\":\"https:\/\/evigo.se\/?s={search_term_string}\"},\"query-input\":{\"@type\":\"PropertyValueSpecification\",\"valueRequired\":true,\"valueName\":\"search_term_string\"}}],\"inLanguage\":\"tr\"},{\"@type\":\"Organization\",\"@id\":\"https:\/\/evigo.se\/#organization\",\"name\":\"https:\",\"url\":\"https:\/\/evigo.se\/\",\"logo\":{\"@type\":\"ImageObject\",\"inLanguage\":\"tr\",\"@id\":\"https:\/\/evigo.se\/#\/schema\/logo\/image\/\",\"url\":\"https:\/\/evigo.se\/wp-content\/uploads\/2022\/12\/EVIGO-LOGO-2-e1733648230224.png\",\"contentUrl\":\"https:\/\/evigo.se\/wp-content\/uploads\/2022\/12\/EVIGO-LOGO-2-e1733648230224.png\",\"width\":500,\"height\":500,\"caption\":\"https:\"},\"image\":{\"@id\":\"https:\/\/evigo.se\/#\/schema\/logo\/image\/\"}}]}<\/script>\n<!-- \/ Yoast SEO plugin. -->","yoast_head_json":{"title":"Kalp - Evigo begravningsbyr\u00e5","robots":{"index":"index","follow":"follow","max-snippet":"max-snippet:-1","max-image-preview":"max-image-preview:large","max-video-preview":"max-video-preview:-1"},"canonical":"https:\/\/evigo.se\/product\/hjarta\/","og_locale":"tr_TR","og_type":"article","og_title":"Kalp - Evigo begravningsbyr\u00e5","og_description":"Genellikle cenazelerle ili\u015fkilendirilen \u00e7elenk, geleneksel olarak bir onur ni\u015fan\u0131 olarak bilinir. Sonsuzluk yuvarlak, belirsiz \u015fekliyle temsil edilir. \u00c7elengin tasar\u0131m\u0131n\u0131n yan\u0131 s\u0131ra boyutlar\u0131 da yerel tercihlere g\u00f6re ayarlanabilir. Anma t\u00f6reni i\u00e7in klasik bir \u00e7i\u00e7ekli kalp se\u00e7in.","og_url":"https:\/\/evigo.se\/product\/hjarta\/","og_site_name":"Evigo begravningsbyr\u00e5","og_image":[{"width":992,"height":1024,"url":"https:\/\/evigo.se\/wp-content\/uploads\/2023\/01\/Krans-Hjarta.jpg","type":"image\/jpeg"}],"twitter_card":"summary_large_image","schema":{"@context":"https:\/\/schema.org","@graph":[{"@type":"WebPage","@id":"https:\/\/evigo.se\/product\/hjarta\/","url":"https:\/\/evigo.se\/product\/hjarta\/","name":"Kalp - Evigo begravningsbyr\u00e5","isPartOf":{"@id":"https:\/\/evigo.se\/#website"},"primaryImageOfPage":{"@id":"https:\/\/evigo.se\/product\/hjarta\/#primaryimage"},"image":{"@id":"https:\/\/evigo.se\/product\/hjarta\/#primaryimage"},"thumbnailUrl":"https:\/\/evigo.se\/wp-content\/uploads\/2023\/01\/Krans-Hjarta.jpg","datePublished":"2023-01-29T10:52:28+00:00","breadcrumb":{"@id":"https:\/\/evigo.se\/product\/hjarta\/#breadcrumb"},"inLanguage":"tr","potentialAction":[{"@type":"ReadAction","target":["https:\/\/evigo.se\/product\/hjarta\/"]}]},{"@type":"ImageObject","inLanguage":"tr","@id":"https:\/\/evigo.se\/product\/hjarta\/#primaryimage","url":"https:\/\/evigo.se\/wp-content\/uploads\/2023\/01\/Krans-Hjarta.jpg","contentUrl":"https:\/\/evigo.se\/wp-content\/uploads\/2023\/01\/Krans-Hjarta.jpg","width":992,"height":1024},{"@type":"BreadcrumbList","@id":"https:\/\/evigo.se\/product\/hjarta\/#breadcrumb","itemListElement":[{"@type":"ListItem","position":1,"name":"Home","item":"https:\/\/evigo.se\/ar\/"},{"@type":"ListItem","position":2,"name":"Shop","item":"https:\/\/evigo.se\/shop\/"},{"@type":"ListItem","position":3,"name":"Kalp"}]},{"@type":"WebSite","@id":"https:\/\/evigo.se\/#website","url":"https:\/\/evigo.se\/","name":"https:","description":"","publisher":{"@id":"https:\/\/evigo.se\/#organization"},"potentialAction":[{"@type":"SearchAction","target":{"@type":"EntryPoint","urlTemplate":"https:\/\/evigo.se\/?s={search_term_string}"},"query-input":{"@type":"PropertyValueSpecification","valueRequired":true,"valueName":"search_term_string"}}],"inLanguage":"tr"},{"@type":"Organization","@id":"https:\/\/evigo.se\/#organization","name":"https:","url":"https:\/\/evigo.se\/","logo":{"@type":"ImageObject","inLanguage":"tr","@id":"https:\/\/evigo.se\/#\/schema\/logo\/image\/","url":"https:\/\/evigo.se\/wp-content\/uploads\/2022\/12\/EVIGO-LOGO-2-e1733648230224.png","contentUrl":"https:\/\/evigo.se\/wp-content\/uploads\/2022\/12\/EVIGO-LOGO-2-e1733648230224.png","width":500,"height":500,"caption":"https:"},"image":{"@id":"https:\/\/evigo.se\/#\/schema\/logo\/image\/"}}]}},"_links":{"self":[{"href":"https:\/\/evigo.se\/tr\/wp-json\/wp\/v2\/product\/4071","targetHints":{"allow":["GET"]}}],"collection":[{"href":"https:\/\/evigo.se\/tr\/wp-json\/wp\/v2\/product"}],"about":[{"href":"https:\/\/evigo.se\/tr\/wp-json\/wp\/v2\/types\/product"}],"version-history":[{"count":0,"href":"https:\/\/evigo.se\/tr\/wp-json\/wp\/v2\/product\/4071\/revisions"}],"wp:featuredmedia":[{"embeddable":true,"href":"https:\/\/evigo.se\/tr\/wp-json\/wp\/v2\/media\/2983"}],"wp:attachment":[{"href":"https:\/\/evigo.se\/tr\/wp-json\/wp\/v2\/media?parent=4071"}],"wp:term":[{"taxonomy":"product_brand","embeddable":true,"href":"https:\/\/evigo.se\/tr\/wp-json\/wp\/v2\/product_brand?post=4071"},{"taxonomy":"product_cat","embeddable":true,"href":"https:\/\/evigo.se\/tr\/wp-json\/wp\/v2\/product_cat?post=4071"},{"taxonomy":"product_tag","embeddable":true,"href":"https:\/\/evigo.se\/tr\/wp-json\/wp\/v2\/product_tag?post=4071"}],"curies":[{"name":"wp","href":"https:\/\/api.w.org\/{rel}","templated":true}]}}