{"id":4360,"date":"2023-02-21T20:31:52","date_gmt":"2023-02-21T20:31:52","guid":{"rendered":"https:\/produkt\/andante-konstant\/"},"modified":"2023-02-21T20:31:52","modified_gmt":"2023-02-21T20:31:52","slug":"andante-stojeci","status":"publish","type":"product","link":"https:\/\/evigo.se\/hr\/product\/andante-stojeci\/","title":{"rendered":"ANDANTE KONSTANT"},"content":{"rendered":"<p><strong>Dimenzije i detalji:<\/strong><\/p>\n<article>\n<div class=\"expander js-expander expanded\">\n<div class=\"expander-content\" data-read-aloud-multi-block=\"true\">\n<p>Puni se s poklopca i zalijepi dvokomponentnim ljepilom. Remen za spu\u0161tanje uklju\u010den.<\/p>\n<p>Visina: 370 mm<br \/>\nPromjer struka: 186 mm<br \/>\nPromjer dna: 134 mm<br \/>\nZapremina: 5 litara<\/p>\n<\/div>\n<\/div>\n<\/article>\n","protected":false},"excerpt":{"rendered":"<article>\n<div class=\"description\" data-read-aloud-multi-block=\"true\">\n<p>Ustima puhana trajna glazura od kristala iz M\u00e5ler\u00e5s Glasbruka. Ova urna je tako\u0111er dostupna kao kvarljiva.<\/p>\n<\/div>\n<\/article>\n","protected":false},"featured_media":3479,"template":"","meta":[],"product_brand":[],"product_cat":[659],"product_tag":[],"class_list":{"0":"post-4360","1":"product","2":"type-product","3":"status-publish","4":"has-post-thumbnail","6":"product_cat-urne","8":"first","9":"instock","10":"shipping-taxable","11":"purchasable","12":"product-type-simple"},"yoast_head":"<!-- This site is optimized with the Yoast SEO plugin v27.0 - https:\/\/yoast.com\/product\/yoast-seo-wordpress\/ -->\n<title>ANDANTE KONSTANT - Evigo begravningsbyr\u00e5<\/title>\n<meta name=\"robots\" content=\"index, follow, max-snippet:-1, max-image-preview:large, max-video-preview:-1\" \/>\n<link rel=\"canonical\" href=\"https:\/\/evigo.se\/product\/andante-bestandig\/\" \/>\n<meta property=\"og:locale\" content=\"hr_HR\" \/>\n<meta property=\"og:type\" content=\"article\" \/>\n<meta property=\"og:title\" content=\"ANDANTE KONSTANT - Evigo begravningsbyr\u00e5\" \/>\n<meta property=\"og:description\" content=\"Ustima puhana trajna glazura od kristala iz M\u00e5ler\u00e5s Glasbruka. Ova urna je tako\u0111er dostupna kao kvarljiva.\" \/>\n<meta property=\"og:url\" content=\"https:\/\/evigo.se\/product\/andante-bestandig\/\" \/>\n<meta property=\"og:site_name\" content=\"Evigo begravningsbyr\u00e5\" \/>\n<meta property=\"og:image\" content=\"https:\/\/evigo.se\/wp-content\/uploads\/2023\/02\/901_Andante.jpg\" \/>\n\t<meta property=\"og:image:width\" content=\"122\" \/>\n\t<meta property=\"og:image:height\" content=\"150\" \/>\n\t<meta property=\"og:image:type\" content=\"image\/jpeg\" \/>\n<meta name=\"twitter:card\" content=\"summary_large_image\" \/>\n<script type=\"application\/ld+json\" class=\"yoast-schema-graph\">{\"@context\":\"https:\/\/schema.org\",\"@graph\":[{\"@type\":\"WebPage\",\"@id\":\"https:\/\/evigo.se\/product\/andante-bestandig\/\",\"url\":\"https:\/\/evigo.se\/product\/andante-bestandig\/\",\"name\":\"ANDANTE KONSTANT - Evigo begravningsbyr\u00e5\",\"isPartOf\":{\"@id\":\"https:\/\/evigo.se\/#website\"},\"primaryImageOfPage\":{\"@id\":\"https:\/\/evigo.se\/product\/andante-bestandig\/#primaryimage\"},\"image\":{\"@id\":\"https:\/\/evigo.se\/product\/andante-bestandig\/#primaryimage\"},\"thumbnailUrl\":\"https:\/\/evigo.se\/wp-content\/uploads\/2023\/02\/901_Andante.jpg\",\"datePublished\":\"2023-02-21T20:31:52+00:00\",\"breadcrumb\":{\"@id\":\"https:\/\/evigo.se\/product\/andante-bestandig\/#breadcrumb\"},\"inLanguage\":\"hr\",\"potentialAction\":[{\"@type\":\"ReadAction\",\"target\":[\"https:\/\/evigo.se\/product\/andante-bestandig\/\"]}]},{\"@type\":\"ImageObject\",\"inLanguage\":\"hr\",\"@id\":\"https:\/\/evigo.se\/product\/andante-bestandig\/#primaryimage\",\"url\":\"https:\/\/evigo.se\/wp-content\/uploads\/2023\/02\/901_Andante.jpg\",\"contentUrl\":\"https:\/\/evigo.se\/wp-content\/uploads\/2023\/02\/901_Andante.jpg\",\"width\":122,\"height\":150},{\"@type\":\"BreadcrumbList\",\"@id\":\"https:\/\/evigo.se\/product\/andante-bestandig\/#breadcrumb\",\"itemListElement\":[{\"@type\":\"ListItem\",\"position\":1,\"name\":\"Home\",\"item\":\"https:\/\/evigo.se\/ar\/\"},{\"@type\":\"ListItem\",\"position\":2,\"name\":\"Shop\",\"item\":\"https:\/\/evigo.se\/shop\/\"},{\"@type\":\"ListItem\",\"position\":3,\"name\":\"ANDANTE KONSTANT\"}]},{\"@type\":\"WebSite\",\"@id\":\"https:\/\/evigo.se\/#website\",\"url\":\"https:\/\/evigo.se\/\",\"name\":\"https:\",\"description\":\"\",\"publisher\":{\"@id\":\"https:\/\/evigo.se\/#organization\"},\"potentialAction\":[{\"@type\":\"SearchAction\",\"target\":{\"@type\":\"EntryPoint\",\"urlTemplate\":\"https:\/\/evigo.se\/?s={search_term_string}\"},\"query-input\":{\"@type\":\"PropertyValueSpecification\",\"valueRequired\":true,\"valueName\":\"search_term_string\"}}],\"inLanguage\":\"hr\"},{\"@type\":\"Organization\",\"@id\":\"https:\/\/evigo.se\/#organization\",\"name\":\"https:\",\"url\":\"https:\/\/evigo.se\/\",\"logo\":{\"@type\":\"ImageObject\",\"inLanguage\":\"hr\",\"@id\":\"https:\/\/evigo.se\/#\/schema\/logo\/image\/\",\"url\":\"https:\/\/evigo.se\/wp-content\/uploads\/2022\/12\/EVIGO-LOGO-2-e1733648230224.png\",\"contentUrl\":\"https:\/\/evigo.se\/wp-content\/uploads\/2022\/12\/EVIGO-LOGO-2-e1733648230224.png\",\"width\":500,\"height\":500,\"caption\":\"https:\"},\"image\":{\"@id\":\"https:\/\/evigo.se\/#\/schema\/logo\/image\/\"}}]}<\/script>\n<!-- \/ Yoast SEO plugin. -->","yoast_head_json":{"title":"ANDANTE KONSTANT - Evigo begravningsbyr\u00e5","robots":{"index":"index","follow":"follow","max-snippet":"max-snippet:-1","max-image-preview":"max-image-preview:large","max-video-preview":"max-video-preview:-1"},"canonical":"https:\/\/evigo.se\/product\/andante-bestandig\/","og_locale":"hr_HR","og_type":"article","og_title":"ANDANTE KONSTANT - Evigo begravningsbyr\u00e5","og_description":"Ustima puhana trajna glazura od kristala iz M\u00e5ler\u00e5s Glasbruka. Ova urna je tako\u0111er dostupna kao kvarljiva.","og_url":"https:\/\/evigo.se\/product\/andante-bestandig\/","og_site_name":"Evigo begravningsbyr\u00e5","og_image":[{"width":122,"height":150,"url":"https:\/\/evigo.se\/wp-content\/uploads\/2023\/02\/901_Andante.jpg","type":"image\/jpeg"}],"twitter_card":"summary_large_image","schema":{"@context":"https:\/\/schema.org","@graph":[{"@type":"WebPage","@id":"https:\/\/evigo.se\/product\/andante-bestandig\/","url":"https:\/\/evigo.se\/product\/andante-bestandig\/","name":"ANDANTE KONSTANT - Evigo begravningsbyr\u00e5","isPartOf":{"@id":"https:\/\/evigo.se\/#website"},"primaryImageOfPage":{"@id":"https:\/\/evigo.se\/product\/andante-bestandig\/#primaryimage"},"image":{"@id":"https:\/\/evigo.se\/product\/andante-bestandig\/#primaryimage"},"thumbnailUrl":"https:\/\/evigo.se\/wp-content\/uploads\/2023\/02\/901_Andante.jpg","datePublished":"2023-02-21T20:31:52+00:00","breadcrumb":{"@id":"https:\/\/evigo.se\/product\/andante-bestandig\/#breadcrumb"},"inLanguage":"hr","potentialAction":[{"@type":"ReadAction","target":["https:\/\/evigo.se\/product\/andante-bestandig\/"]}]},{"@type":"ImageObject","inLanguage":"hr","@id":"https:\/\/evigo.se\/product\/andante-bestandig\/#primaryimage","url":"https:\/\/evigo.se\/wp-content\/uploads\/2023\/02\/901_Andante.jpg","contentUrl":"https:\/\/evigo.se\/wp-content\/uploads\/2023\/02\/901_Andante.jpg","width":122,"height":150},{"@type":"BreadcrumbList","@id":"https:\/\/evigo.se\/product\/andante-bestandig\/#breadcrumb","itemListElement":[{"@type":"ListItem","position":1,"name":"Home","item":"https:\/\/evigo.se\/ar\/"},{"@type":"ListItem","position":2,"name":"Shop","item":"https:\/\/evigo.se\/shop\/"},{"@type":"ListItem","position":3,"name":"ANDANTE KONSTANT"}]},{"@type":"WebSite","@id":"https:\/\/evigo.se\/#website","url":"https:\/\/evigo.se\/","name":"https:","description":"","publisher":{"@id":"https:\/\/evigo.se\/#organization"},"potentialAction":[{"@type":"SearchAction","target":{"@type":"EntryPoint","urlTemplate":"https:\/\/evigo.se\/?s={search_term_string}"},"query-input":{"@type":"PropertyValueSpecification","valueRequired":true,"valueName":"search_term_string"}}],"inLanguage":"hr"},{"@type":"Organization","@id":"https:\/\/evigo.se\/#organization","name":"https:","url":"https:\/\/evigo.se\/","logo":{"@type":"ImageObject","inLanguage":"hr","@id":"https:\/\/evigo.se\/#\/schema\/logo\/image\/","url":"https:\/\/evigo.se\/wp-content\/uploads\/2022\/12\/EVIGO-LOGO-2-e1733648230224.png","contentUrl":"https:\/\/evigo.se\/wp-content\/uploads\/2022\/12\/EVIGO-LOGO-2-e1733648230224.png","width":500,"height":500,"caption":"https:"},"image":{"@id":"https:\/\/evigo.se\/#\/schema\/logo\/image\/"}}]}},"_links":{"self":[{"href":"https:\/\/evigo.se\/hr\/wp-json\/wp\/v2\/product\/4360","targetHints":{"allow":["GET"]}}],"collection":[{"href":"https:\/\/evigo.se\/hr\/wp-json\/wp\/v2\/product"}],"about":[{"href":"https:\/\/evigo.se\/hr\/wp-json\/wp\/v2\/types\/product"}],"version-history":[{"count":0,"href":"https:\/\/evigo.se\/hr\/wp-json\/wp\/v2\/product\/4360\/revisions"}],"wp:featuredmedia":[{"embeddable":true,"href":"https:\/\/evigo.se\/hr\/wp-json\/wp\/v2\/media\/3479"}],"wp:attachment":[{"href":"https:\/\/evigo.se\/hr\/wp-json\/wp\/v2\/media?parent=4360"}],"wp:term":[{"taxonomy":"product_brand","embeddable":true,"href":"https:\/\/evigo.se\/hr\/wp-json\/wp\/v2\/product_brand?post=4360"},{"taxonomy":"product_cat","embeddable":true,"href":"https:\/\/evigo.se\/hr\/wp-json\/wp\/v2\/product_cat?post=4360"},{"taxonomy":"product_tag","embeddable":true,"href":"https:\/\/evigo.se\/hr\/wp-json\/wp\/v2\/product_tag?post=4360"}],"curies":[{"name":"wp","href":"https:\/\/api.w.org\/{rel}","templated":true}]}}