{"id":3933,"date":"2023-01-28T14:22:24","date_gmt":"2023-01-28T14:22:24","guid":{"rendered":"https:\/produkt\/ornaments\/"},"modified":"2023-01-28T14:22:24","modified_gmt":"2023-01-28T14:22:24","slug":"ornaments","status":"publish","type":"product","link":"https:\/\/evigo.se\/bs\/product\/ornaments\/","title":{"rendered":"Ornaments"},"content":{"rendered":"<p>Klasi\u010dna folijarna komoda od iverice i MDF plo\u010de. Prekrasne metalne ru\u010dke i uglovi, kao i \u0161arke i klju\u010devi. Unutra\u0161njost od tkanine u obliku du\u0161eka, jastuka i klasi\u010dnog \u010dupavog jorgana sa pamu\u010dnim poklopcem. Kapa sa prelijepo drapiranim ukrasima. Bo\u010dne obloge od tkanine.<\/p>\n","protected":false},"excerpt":{"rendered":"<p>Umjetnost ornamentacije je najraniji izraz u historiji \u010dovjekove inherentne te\u017enje za ljepotom. Na\u0161 ukras se sastoji od uzorka inspiriranog skandinavskom tradicijom.<\/p>\n","protected":false},"featured_media":2577,"template":"","meta":[],"product_brand":[],"product_cat":[227],"product_tag":[310],"class_list":{"0":"post-3933","1":"product","2":"type-product","3":"status-publish","4":"has-post-thumbnail","6":"product_cat-kovcezi","7":"product_tag-ornaments","8":"pa_farg-antikno-siva","9":"pa_farg-bijelo","10":"pa_farg-orah","11":"pa_farg-svijetlo-smeda","13":"first","14":"instock","15":"shipping-taxable","16":"purchasable","17":"product-type-variable"},"yoast_head":"<!-- This site is optimized with the Yoast SEO plugin v27.0 - https:\/\/yoast.com\/product\/yoast-seo-wordpress\/ -->\n<title>Ornaments - Evigo begravningsbyr\u00e5<\/title>\n<meta name=\"robots\" content=\"index, follow, max-snippet:-1, max-image-preview:large, max-video-preview:-1\" \/>\n<link rel=\"canonical\" href=\"https:\/\/evigo.se\/product\/ornament\/\" \/>\n<meta property=\"og:locale\" content=\"bs_BA\" \/>\n<meta property=\"og:type\" content=\"article\" \/>\n<meta property=\"og:title\" content=\"Ornaments - Evigo begravningsbyr\u00e5\" \/>\n<meta property=\"og:description\" content=\"Umjetnost ornamentacije je najraniji izraz u historiji \u010dovjekove inherentne te\u017enje za ljepotom. Na\u0161 ukras se sastoji od uzorka inspiriranog skandinavskom tradicijom.\" \/>\n<meta property=\"og:url\" content=\"https:\/\/evigo.se\/product\/ornament\/\" \/>\n<meta property=\"og:site_name\" content=\"Evigo begravningsbyr\u00e5\" \/>\n<meta property=\"og:image\" content=\"https:\/\/evigo.se\/wp-content\/uploads\/2023\/01\/Ornament-kista-3-scaled.jpg\" \/>\n\t<meta property=\"og:image:width\" content=\"2560\" \/>\n\t<meta property=\"og:image:height\" content=\"1653\" \/>\n\t<meta property=\"og:image:type\" content=\"image\/jpeg\" \/>\n<meta name=\"twitter:card\" content=\"summary_large_image\" \/>\n<script type=\"application\/ld+json\" class=\"yoast-schema-graph\">{\"@context\":\"https:\/\/schema.org\",\"@graph\":[{\"@type\":\"WebPage\",\"@id\":\"https:\/\/evigo.se\/product\/ornament\/\",\"url\":\"https:\/\/evigo.se\/product\/ornament\/\",\"name\":\"Ornaments - Evigo begravningsbyr\u00e5\",\"isPartOf\":{\"@id\":\"https:\/\/evigo.se\/#website\"},\"primaryImageOfPage\":{\"@id\":\"https:\/\/evigo.se\/product\/ornament\/#primaryimage\"},\"image\":{\"@id\":\"https:\/\/evigo.se\/product\/ornament\/#primaryimage\"},\"thumbnailUrl\":\"https:\/\/evigo.se\/wp-content\/uploads\/2023\/01\/Ornament-kista-3-scaled.jpg\",\"datePublished\":\"2023-01-28T14:22:24+00:00\",\"breadcrumb\":{\"@id\":\"https:\/\/evigo.se\/product\/ornament\/#breadcrumb\"},\"inLanguage\":\"bs-BA\",\"potentialAction\":[{\"@type\":\"ReadAction\",\"target\":[\"https:\/\/evigo.se\/product\/ornament\/\"]}]},{\"@type\":\"ImageObject\",\"inLanguage\":\"bs-BA\",\"@id\":\"https:\/\/evigo.se\/product\/ornament\/#primaryimage\",\"url\":\"https:\/\/evigo.se\/wp-content\/uploads\/2023\/01\/Ornament-kista-3-scaled.jpg\",\"contentUrl\":\"https:\/\/evigo.se\/wp-content\/uploads\/2023\/01\/Ornament-kista-3-scaled.jpg\",\"width\":2560,\"height\":1653},{\"@type\":\"BreadcrumbList\",\"@id\":\"https:\/\/evigo.se\/product\/ornament\/#breadcrumb\",\"itemListElement\":[{\"@type\":\"ListItem\",\"position\":1,\"name\":\"Home\",\"item\":\"https:\/\/evigo.se\/ar\/\"},{\"@type\":\"ListItem\",\"position\":2,\"name\":\"Shop\",\"item\":\"https:\/\/evigo.se\/shop\/\"},{\"@type\":\"ListItem\",\"position\":3,\"name\":\"Ornaments\"}]},{\"@type\":\"WebSite\",\"@id\":\"https:\/\/evigo.se\/#website\",\"url\":\"https:\/\/evigo.se\/\",\"name\":\"https:\",\"description\":\"\",\"publisher\":{\"@id\":\"https:\/\/evigo.se\/#organization\"},\"potentialAction\":[{\"@type\":\"SearchAction\",\"target\":{\"@type\":\"EntryPoint\",\"urlTemplate\":\"https:\/\/evigo.se\/?s={search_term_string}\"},\"query-input\":{\"@type\":\"PropertyValueSpecification\",\"valueRequired\":true,\"valueName\":\"search_term_string\"}}],\"inLanguage\":\"bs-BA\"},{\"@type\":\"Organization\",\"@id\":\"https:\/\/evigo.se\/#organization\",\"name\":\"https:\",\"url\":\"https:\/\/evigo.se\/\",\"logo\":{\"@type\":\"ImageObject\",\"inLanguage\":\"bs-BA\",\"@id\":\"https:\/\/evigo.se\/#\/schema\/logo\/image\/\",\"url\":\"https:\/\/evigo.se\/wp-content\/uploads\/2022\/12\/EVIGO-LOGO-2-e1733648230224.png\",\"contentUrl\":\"https:\/\/evigo.se\/wp-content\/uploads\/2022\/12\/EVIGO-LOGO-2-e1733648230224.png\",\"width\":500,\"height\":500,\"caption\":\"https:\"},\"image\":{\"@id\":\"https:\/\/evigo.se\/#\/schema\/logo\/image\/\"}}]}<\/script>\n<!-- \/ Yoast SEO plugin. -->","yoast_head_json":{"title":"Ornaments - Evigo begravningsbyr\u00e5","robots":{"index":"index","follow":"follow","max-snippet":"max-snippet:-1","max-image-preview":"max-image-preview:large","max-video-preview":"max-video-preview:-1"},"canonical":"https:\/\/evigo.se\/product\/ornament\/","og_locale":"bs_BA","og_type":"article","og_title":"Ornaments - Evigo begravningsbyr\u00e5","og_description":"Umjetnost ornamentacije je najraniji izraz u historiji \u010dovjekove inherentne te\u017enje za ljepotom. Na\u0161 ukras se sastoji od uzorka inspiriranog skandinavskom tradicijom.","og_url":"https:\/\/evigo.se\/product\/ornament\/","og_site_name":"Evigo begravningsbyr\u00e5","og_image":[{"width":2560,"height":1653,"url":"https:\/\/evigo.se\/wp-content\/uploads\/2023\/01\/Ornament-kista-3-scaled.jpg","type":"image\/jpeg"}],"twitter_card":"summary_large_image","schema":{"@context":"https:\/\/schema.org","@graph":[{"@type":"WebPage","@id":"https:\/\/evigo.se\/product\/ornament\/","url":"https:\/\/evigo.se\/product\/ornament\/","name":"Ornaments - Evigo begravningsbyr\u00e5","isPartOf":{"@id":"https:\/\/evigo.se\/#website"},"primaryImageOfPage":{"@id":"https:\/\/evigo.se\/product\/ornament\/#primaryimage"},"image":{"@id":"https:\/\/evigo.se\/product\/ornament\/#primaryimage"},"thumbnailUrl":"https:\/\/evigo.se\/wp-content\/uploads\/2023\/01\/Ornament-kista-3-scaled.jpg","datePublished":"2023-01-28T14:22:24+00:00","breadcrumb":{"@id":"https:\/\/evigo.se\/product\/ornament\/#breadcrumb"},"inLanguage":"bs-BA","potentialAction":[{"@type":"ReadAction","target":["https:\/\/evigo.se\/product\/ornament\/"]}]},{"@type":"ImageObject","inLanguage":"bs-BA","@id":"https:\/\/evigo.se\/product\/ornament\/#primaryimage","url":"https:\/\/evigo.se\/wp-content\/uploads\/2023\/01\/Ornament-kista-3-scaled.jpg","contentUrl":"https:\/\/evigo.se\/wp-content\/uploads\/2023\/01\/Ornament-kista-3-scaled.jpg","width":2560,"height":1653},{"@type":"BreadcrumbList","@id":"https:\/\/evigo.se\/product\/ornament\/#breadcrumb","itemListElement":[{"@type":"ListItem","position":1,"name":"Home","item":"https:\/\/evigo.se\/ar\/"},{"@type":"ListItem","position":2,"name":"Shop","item":"https:\/\/evigo.se\/shop\/"},{"@type":"ListItem","position":3,"name":"Ornaments"}]},{"@type":"WebSite","@id":"https:\/\/evigo.se\/#website","url":"https:\/\/evigo.se\/","name":"https:","description":"","publisher":{"@id":"https:\/\/evigo.se\/#organization"},"potentialAction":[{"@type":"SearchAction","target":{"@type":"EntryPoint","urlTemplate":"https:\/\/evigo.se\/?s={search_term_string}"},"query-input":{"@type":"PropertyValueSpecification","valueRequired":true,"valueName":"search_term_string"}}],"inLanguage":"bs-BA"},{"@type":"Organization","@id":"https:\/\/evigo.se\/#organization","name":"https:","url":"https:\/\/evigo.se\/","logo":{"@type":"ImageObject","inLanguage":"bs-BA","@id":"https:\/\/evigo.se\/#\/schema\/logo\/image\/","url":"https:\/\/evigo.se\/wp-content\/uploads\/2022\/12\/EVIGO-LOGO-2-e1733648230224.png","contentUrl":"https:\/\/evigo.se\/wp-content\/uploads\/2022\/12\/EVIGO-LOGO-2-e1733648230224.png","width":500,"height":500,"caption":"https:"},"image":{"@id":"https:\/\/evigo.se\/#\/schema\/logo\/image\/"}}]}},"_links":{"self":[{"href":"https:\/\/evigo.se\/bs\/wp-json\/wp\/v2\/product\/3933","targetHints":{"allow":["GET"]}}],"collection":[{"href":"https:\/\/evigo.se\/bs\/wp-json\/wp\/v2\/product"}],"about":[{"href":"https:\/\/evigo.se\/bs\/wp-json\/wp\/v2\/types\/product"}],"version-history":[{"count":0,"href":"https:\/\/evigo.se\/bs\/wp-json\/wp\/v2\/product\/3933\/revisions"}],"wp:featuredmedia":[{"embeddable":true,"href":"https:\/\/evigo.se\/bs\/wp-json\/wp\/v2\/media\/2577"}],"wp:attachment":[{"href":"https:\/\/evigo.se\/bs\/wp-json\/wp\/v2\/media?parent=3933"}],"wp:term":[{"taxonomy":"product_brand","embeddable":true,"href":"https:\/\/evigo.se\/bs\/wp-json\/wp\/v2\/product_brand?post=3933"},{"taxonomy":"product_cat","embeddable":true,"href":"https:\/\/evigo.se\/bs\/wp-json\/wp\/v2\/product_cat?post=3933"},{"taxonomy":"product_tag","embeddable":true,"href":"https:\/\/evigo.se\/bs\/wp-json\/wp\/v2\/product_tag?post=3933"}],"curies":[{"name":"wp","href":"https:\/\/api.w.org\/{rel}","templated":true}]}}